{"id":76,"date":"2025-11-23T22:24:17","date_gmt":"2025-11-23T21:24:17","guid":{"rendered":"https:\/\/narodowapolska.pl\/?page_id=76"},"modified":"2025-11-23T22:26:30","modified_gmt":"2025-11-23T21:26:30","slug":"o-nas","status":"publish","type":"page","link":"https:\/\/narodowapolska.pl\/index.php\/o-nas\/","title":{"rendered":"O nas"},"content":{"rendered":"<p><strong>Narodowa Polska<\/strong> to miejsce, w kt\u00f3rym \u0142\u0105czymy <strong>pami\u0119\u0107 o historii<\/strong>, <strong>szacunek dla tradycji<\/strong> i <strong>odpowiedzialno\u015b\u0107 za przysz\u0142o\u015b\u0107<\/strong>.<\/p>\n<p>Wierzymy, \u017ce bycie Polakiem to nie has\u0142o, ale <strong>konkretna postawa<\/strong>: troska o dobro wsp\u00f3lne, piel\u0119gnowanie polskiej kultury, dba\u0142o\u015b\u0107 o j\u0119zyk, wra\u017cliwo\u015b\u0107 na los drugiego cz\u0142owieka oraz pami\u0119\u0107 o tych, kt\u00f3rzy przed nami budowali woln\u0105 Polsk\u0119.<\/p>\n<p>Nasz\u0105 misj\u0105 jest <strong>pokazywanie polskiej historii i wsp\u00f3\u0142czesno\u015bci w spos\u00f3b rzetelny, spokojny i zrozumia\u0142y<\/strong>. Zale\u017cy nam na tym, aby ka\u017cdy \u2013 niezale\u017cnie od wieku czy miejsca zamieszkania \u2013 m\u00f3g\u0142 tutaj znale\u017a\u0107 tre\u015bci, kt\u00f3re pomagaj\u0105 lepiej zrozumie\u0107 korzenie naszej to\u017csamo\u015bci i budowa\u0107 dum\u0119 z bycia cz\u0119\u015bci\u0105 narodu polskiego.<\/p>\n<p>Na <strong>narodowapolska.pl<\/strong> znajdziesz mi\u0119dzy innymi:<\/p>\n<ul>\n<li>opracowania i artyku\u0142y po\u015bwi\u0119cone <strong>kluczowym wydarzeniom historycznym<\/strong>,<\/li>\n<li>sylwetki <strong>bohater\u00f3w narodowych<\/strong> i ludzi mniej znanych, ale wa\u017cnych dla naszych dziej\u00f3w,<\/li>\n<li>opisy <strong>polskich zwyczaj\u00f3w, tradycji i symboli<\/strong>,<\/li>\n<li>materia\u0142y pomagaj\u0105ce przekazywa\u0107 warto\u015bci patriotyczne <strong>m\u0142odszym pokoleniom<\/strong>.<\/li>\n<\/ul>\n<p>Patrzymy na Polsk\u0119 <strong>ponad bie\u017c\u0105cym sporem<\/strong>, z perspektywy d\u0142ugiego trwania \u2013 od pokole\u0144, kt\u00f3re by\u0142y przed nami, do tych, kt\u00f3re dopiero przyjd\u0105.<\/p>\n<p>Zapraszamy Ci\u0119 do wsp\u00f3\u0142tworzenia tego miejsca. Je\u017celi chcesz podzieli\u0107 si\u0119 lokaln\u0105 histori\u0105, wspomnieniami rodzinnymi, fotografiami, opisem wa\u017cnych dla Ciebie miejsc \u2013 napisz do nas. Wierzymy, \u017ce <strong>prawdziwa si\u0142a polskiej wsp\u00f3lnoty rodzi si\u0119 z do\u015bwiadcze\u0144 zwyk\u0142ych ludzi<\/strong>, kt\u00f3rych historie zbyt cz\u0119sto pozostaj\u0105 nieopowiedziane.<\/p>\n<p><strong>Narodowa Polska \u2013 To\u017csamo\u015b\u0107 \u2022 Historia \u2022 Tradycja \u2022 Wsp\u00f3lnota.<\/strong><\/p>\n","protected":false},"excerpt":{"rendered":"<p>Narodowa Polska to miejsce, w kt\u00f3rym \u0142\u0105czymy pami\u0119\u0107 o historii, szacunek dla tradycji i odpowiedzialno\u015b\u0107 za przysz\u0142o\u015b\u0107. Wierzymy, \u017ce bycie Polakiem to nie has\u0142o, ale konkretna postawa: troska o dobro wsp\u00f3lne, piel\u0119gnowanie polskiej kultury, dba\u0142o\u015b\u0107 o j\u0119zyk, wra\u017cliwo\u015b\u0107 na los drugiego cz\u0142owieka oraz pami\u0119\u0107 o tych, kt\u00f3rzy przed nami budowali woln\u0105 Polsk\u0119. Nasz\u0105 misj\u0105 jest [&hellip;]<\/p>\n","protected":false},"author":1,"featured_media":0,"parent":0,"menu_order":0,"comment_status":"closed","ping_status":"closed","template":"","meta":{"_kadence_starter_templates_imported_post":false,"footnotes":""},"class_list":["post-76","page","type-page","status-publish","hentry"],"_links":{"self":[{"href":"https:\/\/narodowapolska.pl\/index.php\/wp-json\/wp\/v2\/pages\/76","targetHints":{"allow":["GET"]}}],"collection":[{"href":"https:\/\/narodowapolska.pl\/index.php\/wp-json\/wp\/v2\/pages"}],"about":[{"href":"https:\/\/narodowapolska.pl\/index.php\/wp-json\/wp\/v2\/types\/page"}],"author":[{"embeddable":true,"href":"https:\/\/narodowapolska.pl\/index.php\/wp-json\/wp\/v2\/users\/1"}],"replies":[{"embeddable":true,"href":"https:\/\/narodowapolska.pl\/index.php\/wp-json\/wp\/v2\/comments?post=76"}],"version-history":[{"count":3,"href":"https:\/\/narodowapolska.pl\/index.php\/wp-json\/wp\/v2\/pages\/76\/revisions"}],"predecessor-version":[{"id":79,"href":"https:\/\/narodowapolska.pl\/index.php\/wp-json\/wp\/v2\/pages\/76\/revisions\/79"}],"wp:attachment":[{"href":"https:\/\/narodowapolska.pl\/index.php\/wp-json\/wp\/v2\/media?parent=76"}],"curies":[{"name":"wp","href":"https:\/\/api.w.org\/{rel}","templated":true}]}}